{"id":40,"date":"2017-04-30T16:51:31","date_gmt":"2017-04-30T16:51:31","guid":{"rendered":"http:\/\/samblatalu.ee\/?page_id=40"},"modified":"2019-09-22T15:54:58","modified_gmt":"2019-09-22T12:54:58","slug":"test-page-2","status":"publish","type":"page","link":"http:\/\/www.samblatalu.ee\/fi\/","title":{"rendered":"Maatila"},"content":{"rendered":"<p>Tere<br \/>\n tulemast Sambla tallu &#8211; hubasesse ja v\u00e4iksesse kodumajutusse Lohusalus!<br \/>\nAsume v\u00e4ikeses k\u00fclas 35 km kaugusel Tallinnast.<br \/>\nTeid ootavad mugavad toad renoveeritud maja teisel korrusel, m\u00e4nnimets ja kaks erinevat liivaranda, m\u00f5lemad vaid 400 m. majast. L\u00e4him kauplus asub 1,5 km kaugusel, l\u00e4himad s\u00f6\u00f6gikohad samuti 1,5 km kaugusel.<\/p>\n<hr \/>\n<p><img decoding=\"async\" loading=\"lazy\" class=\"alignnone size-full wp-image-66\" src=\"http:\/\/www.samblatalu.ee\/wp-content\/uploads\/2017\/04\/laulasmaa-maja.jpg\" alt=\"\" width=\"640\" height=\"360\" srcset=\"http:\/\/www.samblatalu.ee\/wp-content\/uploads\/2017\/04\/laulasmaa-maja.jpg 640w, http:\/\/www.samblatalu.ee\/wp-content\/uploads\/2017\/04\/laulasmaa-maja-300x169.jpg 300w\" sizes=\"(max-width: 640px) 100vw, 640px\" \/><\/p>\n","protected":false},"excerpt":{"rendered":"<p>Tere tulemast Sambla tallu &#8211; hubasesse ja v\u00e4iksesse kodumajutusse Lohusalus!<br \/>\nAsume v\u00e4ikeses k\u00fclas 35 km kaugusel Tallinnast.<br \/>\nTeid ootavad mugavad toad renoveeritud maja teisel korrusel, m\u00e4nnimets ja kaks erinevat liivaranda, m\u00f5lemad vaid 400 m. majas&#8230;<\/p>\n","protected":false},"author":1,"featured_media":0,"parent":0,"menu_order":2,"comment_status":"closed","ping_status":"closed","template":"","meta":{"ngg_post_thumbnail":0},"_links":{"self":[{"href":"http:\/\/www.samblatalu.ee\/fi\/wp-json\/wp\/v2\/pages\/40"}],"collection":[{"href":"http:\/\/www.samblatalu.ee\/fi\/wp-json\/wp\/v2\/pages"}],"about":[{"href":"http:\/\/www.samblatalu.ee\/fi\/wp-json\/wp\/v2\/types\/page"}],"author":[{"embeddable":true,"href":"http:\/\/www.samblatalu.ee\/fi\/wp-json\/wp\/v2\/users\/1"}],"replies":[{"embeddable":true,"href":"http:\/\/www.samblatalu.ee\/fi\/wp-json\/wp\/v2\/comments?post=40"}],"version-history":[{"count":23,"href":"http:\/\/www.samblatalu.ee\/fi\/wp-json\/wp\/v2\/pages\/40\/revisions"}],"predecessor-version":[{"id":273,"href":"http:\/\/www.samblatalu.ee\/fi\/wp-json\/wp\/v2\/pages\/40\/revisions\/273"}],"wp:attachment":[{"href":"http:\/\/www.samblatalu.ee\/fi\/wp-json\/wp\/v2\/media?parent=40"}],"curies":[{"name":"wp","href":"https:\/\/api.w.org\/{rel}","templated":true}]}}